{"id":56,"date":"2022-04-11T05:48:10","date_gmt":"2022-04-11T05:48:10","guid":{"rendered":"http:\/\/zeinoun.in\/?page_id=56"},"modified":"2022-05-10T09:59:41","modified_gmt":"2022-05-10T09:59:41","slug":"elementor-56","status":"publish","type":"page","link":"https:\/\/zeinoun.in\/index.php\/elementor-56\/","title":{"rendered":"Biographie"},"content":{"rendered":"\t\t<div data-elementor-type=\"wp-page\" data-elementor-id=\"56\" class=\"elementor elementor-56\" data-elementor-settings=\"[]\">\n\t\t\t\t\t\t\t<div class=\"elementor-section-wrap\">\n\t\t\t\t\t\t\t<section class=\"elementor-section elementor-top-section elementor-element elementor-element-6d9f562 elementor-section-boxed elementor-section-height-default elementor-section-height-default\" data-id=\"6d9f562\" data-element_type=\"section\">\n\t\t\t\t\t\t<div class=\"elementor-container elementor-column-gap-default\">\n\t\t\t\t\t<div class=\"elementor-column elementor-col-100 elementor-top-column elementor-element elementor-element-57950eb0\" data-id=\"57950eb0\" data-element_type=\"column\">\n\t\t\t<div class=\"elementor-widget-wrap elementor-element-populated\">\n\t\t\t\t\t\t\t\t<div class=\"elementor-element elementor-element-22b9b40a elementor-widget elementor-widget-text-editor\" data-id=\"22b9b40a\" data-element_type=\"widget\" data-widget_type=\"text-editor.default\">\n\t\t\t\t<div class=\"elementor-widget-container\">\n\t\t\t<style>\/*! elementor - v3.5.3 - 28-12-2021 *\/\n.elementor-widget-text-editor.elementor-drop-cap-view-stacked .elementor-drop-cap{background-color:#818a91;color:#fff}.elementor-widget-text-editor.elementor-drop-cap-view-framed .elementor-drop-cap{color:#818a91;border:3px solid;background-color:transparent}.elementor-widget-text-editor:not(.elementor-drop-cap-view-default) .elementor-drop-cap{margin-top:8px}.elementor-widget-text-editor:not(.elementor-drop-cap-view-default) .elementor-drop-cap-letter{width:1em;height:1em}.elementor-widget-text-editor .elementor-drop-cap{float:left;text-align:center;line-height:1;font-size:50px}.elementor-widget-text-editor .elementor-drop-cap-letter{display:inline-block}<\/style>\t\t\t\t<!-- wp:paragraph -->\n<p>Biographie<\/p>\n<!-- \/wp:paragraph -->\t\t\t\t\t\t<\/div>\n\t\t\t\t<\/div>\n\t\t\t\t\t<\/div>\n\t\t<\/div>\n\t\t\t\t\t\t\t<\/div>\n\t\t<\/section>\n\t\t\t\t<section class=\"elementor-section elementor-top-section elementor-element elementor-element-c3e4903 elementor-section-boxed elementor-section-height-default elementor-section-height-default\" data-id=\"c3e4903\" data-element_type=\"section\">\n\t\t\t\t\t\t<div class=\"elementor-container elementor-column-gap-default\">\n\t\t\t\t\t<div class=\"elementor-column elementor-col-100 elementor-top-column elementor-element elementor-element-8aca504\" data-id=\"8aca504\" data-element_type=\"column\">\n\t\t\t<div class=\"elementor-widget-wrap elementor-element-populated\">\n\t\t\t\t\t\t\t\t<div class=\"elementor-element elementor-element-c20f86e elementor-widget elementor-widget-text-editor\" data-id=\"c20f86e\" data-element_type=\"widget\" data-widget_type=\"text-editor.default\">\n\t\t\t\t<div class=\"elementor-widget-container\">\n\t\t\t\t\t\t\t<p>BIOGRAFIE<\/p>\n<p>Studium an der Hochschule f\u00fcr Musik und Theater Hannover, Studiengang Jazz, Rock, Pop mit dem Hauptfach Trompete.\u2028 Unterricht bei Ulli Beckerhoff, Malte Burma, Bob Lanese, Ack van Royen, Herbert Hellhund, Ed Kr\u00f6ger und Al Jacobsen. Langj\u00e4hrige Unterrichtserfahrung f\u00fcr verschiedenen Musikschulen.<\/p>\n<p>Dozent an der Hochschule f\u00fcr Musik und Theater Hannover f\u00fcr Trompete, sowie Ensembleleiter der Hochschul-Brass Band. \u2028Regelm\u00e4\u00dfig Dozent bei Jazz- und Big Band Workshops. \u2028Mit den eigenen Bands \u201e<a href=\"http:\/\/www.brazzobrazzone.com\">Brazzo Brazzone &amp; The World Brass Ensemble<\/a>\u201c und <a href=\"http:\/\/www.backyardhiptett.de\">&#8220;The Backyard Hiptett&#8221;<\/a> spielt er deutschlandweit Konzerte.<\/p>\n<p>Lead Trompeter und Solist bei verschiedenen Big Bands, Salsa und Jazz- Combos sowie Theater- und Musicalproduktionen.<\/p>\n<p>1.Vorsitzender des <strong>&#8220;City of Musiv e.V.&#8221;<\/strong> Gr\u00fcnder und Leiter des \u201e<a href=\"http:\/\/www.cityofmusicradio.de\">City of Music Webradio<\/a>\u201c der Unesco City of Music Hannover (F\u00f6rderung Unesco City Hannover). K\u00fcnstlerischer Leiter des j\u00e4hrlichen Hinterhoffestivals. Initiator und Organisator des <a href=\"http:\/\/www.kulturrad.com\">Kulturrades<\/a>.<\/p>\n<h4>TOURNEEN &amp; KONZERTE:<\/h4>\n<p>Vicky Leandros, Wir Sind Helden, Tanner, Achim Reichel Band, Bill Ramsey, Mousse T., Emma Lanford, Joo Krauss, Jiggs Whigham, Max Mutzke, Nils Wogram, Albert Mangelsdorf, Tony Lakatos, Jean Louis Rassinfosse, Ed Partyka, Maria Schneider, Sylvia Droste, Barry Guy, Fette Hupe, Hannover Big Band, Peter Petrel, Roberto Blanko, Spice, Havana, Tierra, Eldorado Mariachi International, Hemden, James Steiner Band&#8230;<\/p>\n<h4>THEATER &amp; MUSICALS<\/h4>\n<p><strong>Schauspielhaus Hannover<\/strong>: Dreigroschenoper\u2028, Lenin 1917, Shockheaded Peter, Hotel Savoy<\/p>\n<p><strong>Theater G\u00f6ttingen<\/strong>: Cabaret, Evita, Dreigroschenoper, Sisters of Swing, Der Mann von La Mancha, West Side Story, Hair, Ay Ay Carmencita<\/p>\n<p>\u2028<strong>Theater f\u00fcr Niedersachsen<\/strong>: 44 Grad, The Sideshow, Cage aux Folles, Othello darf nicht platzen, Ganz oder Garnicht, Anything Goes, Victor &amp; Victoria, Blume von Hawai, The Producer,\u00a0Monty Python\u00b4s Spamalot\u00a0<\/p>\n<p><strong>Musicaltheater Bremen:<\/strong> Hair<\/p>\n<p><strong>Theater Braunschweig:<\/strong> West Side Story<\/p>\n<p>\u00a0<\/p>\t\t\t\t\t\t<\/div>\n\t\t\t\t<\/div>\n\t\t\t\t\t<\/div>\n\t\t<\/div>\n\t\t\t\t\t\t\t<\/div>\n\t\t<\/section>\n\t\t\t\t\t\t<\/div>\n\t\t\t\t\t<\/div>\n\t\t","protected":false},"excerpt":{"rendered":"<p>Biographie BIOGRAFIE Studium an der Hochschule f\u00fcr Musik und Theater Hannover, Studiengang Jazz, Rock, Pop mit dem Hauptfach Trompete.\u2028 Unterricht<\/p>\n<p><a href=\"https:\/\/zeinoun.in\/index.php\/elementor-56\/\" class=\"more-link\">Continue reading<span class=\"screen-reader-text\">Biographie<\/span><\/a><\/p>\n","protected":false},"author":1,"featured_media":0,"parent":0,"menu_order":0,"comment_status":"closed","ping_status":"closed","template":"","meta":{"om_disable_all_campaigns":false,"_monsterinsights_skip_tracking":false,"_monsterinsights_sitenote_active":false,"_monsterinsights_sitenote_note":"","_monsterinsights_sitenote_category":0,"footnotes":""},"class_list":["post-56","page","type-page","status-publish","hentry"],"_links":{"self":[{"href":"https:\/\/zeinoun.in\/index.php\/wp-json\/wp\/v2\/pages\/56","targetHints":{"allow":["GET"]}}],"collection":[{"href":"https:\/\/zeinoun.in\/index.php\/wp-json\/wp\/v2\/pages"}],"about":[{"href":"https:\/\/zeinoun.in\/index.php\/wp-json\/wp\/v2\/types\/page"}],"author":[{"embeddable":true,"href":"https:\/\/zeinoun.in\/index.php\/wp-json\/wp\/v2\/users\/1"}],"replies":[{"embeddable":true,"href":"https:\/\/zeinoun.in\/index.php\/wp-json\/wp\/v2\/comments?post=56"}],"version-history":[{"count":41,"href":"https:\/\/zeinoun.in\/index.php\/wp-json\/wp\/v2\/pages\/56\/revisions"}],"predecessor-version":[{"id":127,"href":"https:\/\/zeinoun.in\/index.php\/wp-json\/wp\/v2\/pages\/56\/revisions\/127"}],"wp:attachment":[{"href":"https:\/\/zeinoun.in\/index.php\/wp-json\/wp\/v2\/media?parent=56"}],"curies":[{"name":"wp","href":"https:\/\/api.w.org\/{rel}","templated":true}]}}